{"id":301,"date":"2023-12-12T16:20:14","date_gmt":"2023-12-12T16:20:14","guid":{"rendered":"https:\/\/ferticentro.wpengine.com\/?page_id=301"},"modified":"2026-01-19T16:05:39","modified_gmt":"2026-01-19T16:05:39","slug":"congelation-des-ovocytes","status":"publish","type":"page","link":"https:\/\/www.ferticentro.pt\/fr\/explorez-nos-traitements\/congelation-des-ovocytes\/","title":{"rendered":"Pr\u00e9server sa fertilit\u00e9"},"content":{"rendered":"\n<p>Congelez vos ovocytes au bon moment pour maximiser vos chances d\u2019avoir un enfant plus tard.<\/p>\n","protected":false},"excerpt":{"rendered":"<p>Congelez vos ovocytes au bon moment pour maximiser vos chances d\u2019avoir un enfant plus tard.<\/p>\n","protected":false},"author":3,"featured_media":533,"parent":300,"menu_order":0,"comment_status":"closed","ping_status":"closed","template":"","meta":{"_acf_changed":true,"footnotes":""},"class_list":["post-301","page","type-page","status-publish","has-post-thumbnail","hentry"],"acf":[],"yoast_head":"<!-- This site is optimized with the Yoast SEO plugin v27.3 - https:\/\/yoast.com\/product\/yoast-seo-wordpress\/ -->\n<title>Pr\u00e9server sa fertilit\u00e9 - Ferticentro<\/title>\n<meta name=\"description\" content=\"Ferticentro : Leader dans le domaine de la cong\u00e9lation d&#039;ovocytes, offrant aux femmes la possibilit\u00e9 de pr\u00e9server leur fertilit\u00e9 gr\u00e2ce \u00e0 une technologie de pointe et \u00e0 une expertise internationalement reconnue.\" \/>\n<meta name=\"robots\" content=\"index, follow, max-snippet:-1, max-image-preview:large, max-video-preview:-1\" \/>\n<link rel=\"canonical\" href=\"https:\/\/www.ferticentro.pt\/fr\/explorez-nos-traitements\/congelation-des-ovocytes\/\" \/>\n<meta property=\"og:locale\" content=\"fr_FR\" \/>\n<meta property=\"og:type\" content=\"article\" \/>\n<meta property=\"og:title\" content=\"Pr\u00e9server sa fertilit\u00e9 - Ferticentro\" \/>\n<meta property=\"og:description\" content=\"Ferticentro : Leader dans le domaine de la cong\u00e9lation d&#039;ovocytes, offrant aux femmes la possibilit\u00e9 de pr\u00e9server leur fertilit\u00e9 gr\u00e2ce \u00e0 une technologie de pointe et \u00e0 une expertise internationalement reconnue.\" \/>\n<meta property=\"og:url\" content=\"https:\/\/www.ferticentro.pt\/fr\/explorez-nos-traitements\/congelation-des-ovocytes\/\" \/>\n<meta property=\"og:site_name\" content=\"Ferticentro FR\" \/>\n<meta property=\"article:modified_time\" content=\"2026-01-19T16:05:39+00:00\" \/>\n<meta property=\"og:image\" content=\"https:\/\/www.ferticentro.pt\/fr\/wp-content\/uploads\/sites\/4\/2024\/02\/egg-freezing.jpg\" \/>\n\t<meta property=\"og:image:width\" content=\"800\" \/>\n\t<meta property=\"og:image:height\" content=\"533\" \/>\n\t<meta property=\"og:image:type\" content=\"image\/jpeg\" \/>\n<meta name=\"twitter:card\" content=\"summary_large_image\" \/>\n<meta name=\"twitter:label1\" content=\"Dur\u00e9e de lecture estim\u00e9e\" \/>\n\t<meta name=\"twitter:data1\" content=\"1 minute\" \/>\n<script type=\"application\/ld+json\" class=\"yoast-schema-graph\">{\"@context\":\"https:\\\/\\\/schema.org\",\"@graph\":[{\"@type\":\"WebPage\",\"@id\":\"https:\\\/\\\/www.ferticentro.pt\\\/fr\\\/explorez-nos-traitements\\\/congelation-des-ovocytes\\\/\",\"url\":\"https:\\\/\\\/www.ferticentro.pt\\\/fr\\\/explorez-nos-traitements\\\/congelation-des-ovocytes\\\/\",\"name\":\"Pr\u00e9server sa fertilit\u00e9 - Ferticentro\",\"isPartOf\":{\"@id\":\"https:\\\/\\\/www.ferticentro.pt\\\/fr\\\/#website\"},\"primaryImageOfPage\":{\"@id\":\"https:\\\/\\\/www.ferticentro.pt\\\/fr\\\/explorez-nos-traitements\\\/congelation-des-ovocytes\\\/#primaryimage\"},\"image\":{\"@id\":\"https:\\\/\\\/www.ferticentro.pt\\\/fr\\\/explorez-nos-traitements\\\/congelation-des-ovocytes\\\/#primaryimage\"},\"thumbnailUrl\":\"https:\\\/\\\/www.ferticentro.pt\\\/fr\\\/wp-content\\\/uploads\\\/sites\\\/4\\\/2024\\\/02\\\/egg-freezing.jpg\",\"datePublished\":\"2023-12-12T16:20:14+00:00\",\"dateModified\":\"2026-01-19T16:05:39+00:00\",\"description\":\"Ferticentro : Leader dans le domaine de la cong\u00e9lation d'ovocytes, offrant aux femmes la possibilit\u00e9 de pr\u00e9server leur fertilit\u00e9 gr\u00e2ce \u00e0 une technologie de pointe et \u00e0 une expertise internationalement reconnue.\",\"breadcrumb\":{\"@id\":\"https:\\\/\\\/www.ferticentro.pt\\\/fr\\\/explorez-nos-traitements\\\/congelation-des-ovocytes\\\/#breadcrumb\"},\"inLanguage\":\"fr-FR\",\"potentialAction\":[{\"@type\":\"ReadAction\",\"target\":[\"https:\\\/\\\/www.ferticentro.pt\\\/fr\\\/explorez-nos-traitements\\\/congelation-des-ovocytes\\\/\"]}]},{\"@type\":\"ImageObject\",\"inLanguage\":\"fr-FR\",\"@id\":\"https:\\\/\\\/www.ferticentro.pt\\\/fr\\\/explorez-nos-traitements\\\/congelation-des-ovocytes\\\/#primaryimage\",\"url\":\"https:\\\/\\\/www.ferticentro.pt\\\/fr\\\/wp-content\\\/uploads\\\/sites\\\/4\\\/2024\\\/02\\\/egg-freezing.jpg\",\"contentUrl\":\"https:\\\/\\\/www.ferticentro.pt\\\/fr\\\/wp-content\\\/uploads\\\/sites\\\/4\\\/2024\\\/02\\\/egg-freezing.jpg\",\"width\":800,\"height\":533},{\"@type\":\"BreadcrumbList\",\"@id\":\"https:\\\/\\\/www.ferticentro.pt\\\/fr\\\/explorez-nos-traitements\\\/congelation-des-ovocytes\\\/#breadcrumb\",\"itemListElement\":[{\"@type\":\"ListItem\",\"position\":1,\"name\":\"Home\",\"item\":\"https:\\\/\\\/www.ferticentro.pt\\\/fr\\\/\"},{\"@type\":\"ListItem\",\"position\":2,\"name\":\"Explorez nos traitements\",\"item\":\"https:\\\/\\\/www.ferticentro.pt\\\/fr\\\/explorez-nos-traitements\\\/\"},{\"@type\":\"ListItem\",\"position\":3,\"name\":\"Pr\u00e9server sa fertilit\u00e9\"}]},{\"@type\":\"WebSite\",\"@id\":\"https:\\\/\\\/www.ferticentro.pt\\\/fr\\\/#website\",\"url\":\"https:\\\/\\\/www.ferticentro.pt\\\/fr\\\/\",\"name\":\"Ferticentro FR\",\"description\":\"\",\"inLanguage\":\"fr-FR\"}]}<\/script>\n<!-- \/ Yoast SEO plugin. -->","yoast_head_json":{"title":"Pr\u00e9server sa fertilit\u00e9 - Ferticentro","description":"Ferticentro : Leader dans le domaine de la cong\u00e9lation d'ovocytes, offrant aux femmes la possibilit\u00e9 de pr\u00e9server leur fertilit\u00e9 gr\u00e2ce \u00e0 une technologie de pointe et \u00e0 une expertise internationalement reconnue.","robots":{"index":"index","follow":"follow","max-snippet":"max-snippet:-1","max-image-preview":"max-image-preview:large","max-video-preview":"max-video-preview:-1"},"canonical":"https:\/\/www.ferticentro.pt\/fr\/explorez-nos-traitements\/congelation-des-ovocytes\/","og_locale":"fr_FR","og_type":"article","og_title":"Pr\u00e9server sa fertilit\u00e9 - Ferticentro","og_description":"Ferticentro : Leader dans le domaine de la cong\u00e9lation d'ovocytes, offrant aux femmes la possibilit\u00e9 de pr\u00e9server leur fertilit\u00e9 gr\u00e2ce \u00e0 une technologie de pointe et \u00e0 une expertise internationalement reconnue.","og_url":"https:\/\/www.ferticentro.pt\/fr\/explorez-nos-traitements\/congelation-des-ovocytes\/","og_site_name":"Ferticentro FR","article_modified_time":"2026-01-19T16:05:39+00:00","og_image":[{"width":800,"height":533,"url":"https:\/\/www.ferticentro.pt\/fr\/wp-content\/uploads\/sites\/4\/2024\/02\/egg-freezing.jpg","type":"image\/jpeg"}],"twitter_card":"summary_large_image","twitter_misc":{"Dur\u00e9e de lecture estim\u00e9e":"1 minute"},"schema":{"@context":"https:\/\/schema.org","@graph":[{"@type":"WebPage","@id":"https:\/\/www.ferticentro.pt\/fr\/explorez-nos-traitements\/congelation-des-ovocytes\/","url":"https:\/\/www.ferticentro.pt\/fr\/explorez-nos-traitements\/congelation-des-ovocytes\/","name":"Pr\u00e9server sa fertilit\u00e9 - Ferticentro","isPartOf":{"@id":"https:\/\/www.ferticentro.pt\/fr\/#website"},"primaryImageOfPage":{"@id":"https:\/\/www.ferticentro.pt\/fr\/explorez-nos-traitements\/congelation-des-ovocytes\/#primaryimage"},"image":{"@id":"https:\/\/www.ferticentro.pt\/fr\/explorez-nos-traitements\/congelation-des-ovocytes\/#primaryimage"},"thumbnailUrl":"https:\/\/www.ferticentro.pt\/fr\/wp-content\/uploads\/sites\/4\/2024\/02\/egg-freezing.jpg","datePublished":"2023-12-12T16:20:14+00:00","dateModified":"2026-01-19T16:05:39+00:00","description":"Ferticentro : Leader dans le domaine de la cong\u00e9lation d'ovocytes, offrant aux femmes la possibilit\u00e9 de pr\u00e9server leur fertilit\u00e9 gr\u00e2ce \u00e0 une technologie de pointe et \u00e0 une expertise internationalement reconnue.","breadcrumb":{"@id":"https:\/\/www.ferticentro.pt\/fr\/explorez-nos-traitements\/congelation-des-ovocytes\/#breadcrumb"},"inLanguage":"fr-FR","potentialAction":[{"@type":"ReadAction","target":["https:\/\/www.ferticentro.pt\/fr\/explorez-nos-traitements\/congelation-des-ovocytes\/"]}]},{"@type":"ImageObject","inLanguage":"fr-FR","@id":"https:\/\/www.ferticentro.pt\/fr\/explorez-nos-traitements\/congelation-des-ovocytes\/#primaryimage","url":"https:\/\/www.ferticentro.pt\/fr\/wp-content\/uploads\/sites\/4\/2024\/02\/egg-freezing.jpg","contentUrl":"https:\/\/www.ferticentro.pt\/fr\/wp-content\/uploads\/sites\/4\/2024\/02\/egg-freezing.jpg","width":800,"height":533},{"@type":"BreadcrumbList","@id":"https:\/\/www.ferticentro.pt\/fr\/explorez-nos-traitements\/congelation-des-ovocytes\/#breadcrumb","itemListElement":[{"@type":"ListItem","position":1,"name":"Home","item":"https:\/\/www.ferticentro.pt\/fr\/"},{"@type":"ListItem","position":2,"name":"Explorez nos traitements","item":"https:\/\/www.ferticentro.pt\/fr\/explorez-nos-traitements\/"},{"@type":"ListItem","position":3,"name":"Pr\u00e9server sa fertilit\u00e9"}]},{"@type":"WebSite","@id":"https:\/\/www.ferticentro.pt\/fr\/#website","url":"https:\/\/www.ferticentro.pt\/fr\/","name":"Ferticentro FR","description":"","inLanguage":"fr-FR"}]}},"_links":{"self":[{"href":"https:\/\/www.ferticentro.pt\/fr\/wp-json\/wp\/v2\/pages\/301","targetHints":{"allow":["GET"]}}],"collection":[{"href":"https:\/\/www.ferticentro.pt\/fr\/wp-json\/wp\/v2\/pages"}],"about":[{"href":"https:\/\/www.ferticentro.pt\/fr\/wp-json\/wp\/v2\/types\/page"}],"author":[{"embeddable":true,"href":"https:\/\/www.ferticentro.pt\/fr\/wp-json\/wp\/v2\/users\/3"}],"replies":[{"embeddable":true,"href":"https:\/\/www.ferticentro.pt\/fr\/wp-json\/wp\/v2\/comments?post=301"}],"version-history":[{"count":0,"href":"https:\/\/www.ferticentro.pt\/fr\/wp-json\/wp\/v2\/pages\/301\/revisions"}],"up":[{"embeddable":true,"href":"https:\/\/www.ferticentro.pt\/fr\/wp-json\/wp\/v2\/pages\/300"}],"wp:featuredmedia":[{"embeddable":true,"href":"https:\/\/www.ferticentro.pt\/fr\/wp-json\/wp\/v2\/media\/533"}],"wp:attachment":[{"href":"https:\/\/www.ferticentro.pt\/fr\/wp-json\/wp\/v2\/media?parent=301"}],"curies":[{"name":"wp","href":"https:\/\/api.w.org\/{rel}","templated":true}]}}