{"id":295,"date":"2023-12-12T14:15:41","date_gmt":"2023-12-12T14:15:41","guid":{"rendered":"https:\/\/ferticentro.wpengine.com\/?page_id=295"},"modified":"2026-01-19T16:07:22","modified_gmt":"2026-01-19T16:07:22","slug":"insemination-intra-uterine-avec-don-de-sperme-iiu","status":"publish","type":"page","link":"https:\/\/www.ferticentro.pt\/fr\/explorez-nos-traitements\/insemination-intra-uterine-avec-don-de-sperme-iiu\/","title":{"rendered":"Ins\u00e9mination intra-ut\u00e9rine avec don de sperme (IIU)"},"content":{"rendered":"\n<p>Expert en IIU avec don de sperme, offrant un traitement personnalis\u00e9, des soins m\u00e9dicaux de haut niveau et une vaste s\u00e9lection de donneurs pour r\u00e9pondre \u00e0 divers besoins en mati\u00e8re de fertilit\u00e9.<\/p>\n","protected":false},"excerpt":{"rendered":"<p>Expert en IIU avec don de sperme, offrant un traitement personnalis\u00e9, des soins m\u00e9dicaux de haut niveau et une vaste s\u00e9lection de donneurs pour r\u00e9pondre \u00e0 divers besoins en mati\u00e8re de fertilit\u00e9.<\/p>\n","protected":false},"author":3,"featured_media":663,"parent":300,"menu_order":0,"comment_status":"closed","ping_status":"closed","template":"","meta":{"_acf_changed":true,"footnotes":""},"class_list":["post-295","page","type-page","status-publish","has-post-thumbnail","hentry"],"acf":[],"yoast_head":"<!-- This site is optimized with the Yoast SEO plugin v27.5 - https:\/\/yoast.com\/product\/yoast-seo-wordpress\/ -->\n<title>Ins\u00e9mination intra-ut\u00e9rine avec don de sperme (IIU) - Ferticentro<\/title>\n<meta name=\"description\" content=\"Ferticentro : Expert en IIU avec don de sperme, offrant un traitement personnalis\u00e9, des soins m\u00e9dicaux de haut niveau et une vaste s\u00e9lection de donneurs pour r\u00e9pondre \u00e0 divers besoins en mati\u00e8re de fertilit\u00e9.\" \/>\n<meta name=\"robots\" content=\"index, follow, max-snippet:-1, max-image-preview:large, max-video-preview:-1\" \/>\n<link rel=\"canonical\" href=\"https:\/\/www.ferticentro.pt\/fr\/explorez-nos-traitements\/insemination-intra-uterine-avec-don-de-sperme-iiu\/\" \/>\n<meta property=\"og:locale\" content=\"fr_FR\" \/>\n<meta property=\"og:type\" content=\"article\" \/>\n<meta property=\"og:title\" content=\"Ins\u00e9mination intra-ut\u00e9rine avec don de sperme (IIU) - Ferticentro\" \/>\n<meta property=\"og:description\" content=\"Ferticentro : Expert en IIU avec don de sperme, offrant un traitement personnalis\u00e9, des soins m\u00e9dicaux de haut niveau et une vaste s\u00e9lection de donneurs pour r\u00e9pondre \u00e0 divers besoins en mati\u00e8re de fertilit\u00e9.\" \/>\n<meta property=\"og:url\" content=\"https:\/\/www.ferticentro.pt\/fr\/explorez-nos-traitements\/insemination-intra-uterine-avec-don-de-sperme-iiu\/\" \/>\n<meta property=\"og:site_name\" content=\"Ferticentro FR\" \/>\n<meta property=\"article:modified_time\" content=\"2026-01-19T16:07:22+00:00\" \/>\n<meta property=\"og:image\" content=\"https:\/\/www.ferticentro.pt\/fr\/wp-content\/uploads\/sites\/4\/2024\/02\/iui-d-featured-image.jpg\" \/>\n\t<meta property=\"og:image:width\" content=\"1000\" \/>\n\t<meta property=\"og:image:height\" content=\"667\" \/>\n\t<meta property=\"og:image:type\" content=\"image\/jpeg\" \/>\n<meta name=\"twitter:card\" content=\"summary_large_image\" \/>\n<meta name=\"twitter:label1\" content=\"Dur\u00e9e de lecture estim\u00e9e\" \/>\n\t<meta name=\"twitter:data1\" content=\"1 minute\" \/>\n<script type=\"application\/ld+json\" class=\"yoast-schema-graph\">{\"@context\":\"https:\\\/\\\/schema.org\",\"@graph\":[{\"@type\":\"WebPage\",\"@id\":\"https:\\\/\\\/www.ferticentro.pt\\\/fr\\\/explorez-nos-traitements\\\/insemination-intra-uterine-avec-don-de-sperme-iiu\\\/\",\"url\":\"https:\\\/\\\/www.ferticentro.pt\\\/fr\\\/explorez-nos-traitements\\\/insemination-intra-uterine-avec-don-de-sperme-iiu\\\/\",\"name\":\"Ins\u00e9mination intra-ut\u00e9rine avec don de sperme (IIU) - Ferticentro\",\"isPartOf\":{\"@id\":\"https:\\\/\\\/www.ferticentro.pt\\\/fr\\\/#website\"},\"primaryImageOfPage\":{\"@id\":\"https:\\\/\\\/www.ferticentro.pt\\\/fr\\\/explorez-nos-traitements\\\/insemination-intra-uterine-avec-don-de-sperme-iiu\\\/#primaryimage\"},\"image\":{\"@id\":\"https:\\\/\\\/www.ferticentro.pt\\\/fr\\\/explorez-nos-traitements\\\/insemination-intra-uterine-avec-don-de-sperme-iiu\\\/#primaryimage\"},\"thumbnailUrl\":\"https:\\\/\\\/www.ferticentro.pt\\\/fr\\\/wp-content\\\/uploads\\\/sites\\\/4\\\/2024\\\/02\\\/iui-d-featured-image.jpg\",\"datePublished\":\"2023-12-12T14:15:41+00:00\",\"dateModified\":\"2026-01-19T16:07:22+00:00\",\"description\":\"Ferticentro : Expert en IIU avec don de sperme, offrant un traitement personnalis\u00e9, des soins m\u00e9dicaux de haut niveau et une vaste s\u00e9lection de donneurs pour r\u00e9pondre \u00e0 divers besoins en mati\u00e8re de fertilit\u00e9.\",\"breadcrumb\":{\"@id\":\"https:\\\/\\\/www.ferticentro.pt\\\/fr\\\/explorez-nos-traitements\\\/insemination-intra-uterine-avec-don-de-sperme-iiu\\\/#breadcrumb\"},\"inLanguage\":\"fr-FR\",\"potentialAction\":[{\"@type\":\"ReadAction\",\"target\":[\"https:\\\/\\\/www.ferticentro.pt\\\/fr\\\/explorez-nos-traitements\\\/insemination-intra-uterine-avec-don-de-sperme-iiu\\\/\"]}]},{\"@type\":\"ImageObject\",\"inLanguage\":\"fr-FR\",\"@id\":\"https:\\\/\\\/www.ferticentro.pt\\\/fr\\\/explorez-nos-traitements\\\/insemination-intra-uterine-avec-don-de-sperme-iiu\\\/#primaryimage\",\"url\":\"https:\\\/\\\/www.ferticentro.pt\\\/fr\\\/wp-content\\\/uploads\\\/sites\\\/4\\\/2024\\\/02\\\/iui-d-featured-image.jpg\",\"contentUrl\":\"https:\\\/\\\/www.ferticentro.pt\\\/fr\\\/wp-content\\\/uploads\\\/sites\\\/4\\\/2024\\\/02\\\/iui-d-featured-image.jpg\",\"width\":1000,\"height\":667},{\"@type\":\"BreadcrumbList\",\"@id\":\"https:\\\/\\\/www.ferticentro.pt\\\/fr\\\/explorez-nos-traitements\\\/insemination-intra-uterine-avec-don-de-sperme-iiu\\\/#breadcrumb\",\"itemListElement\":[{\"@type\":\"ListItem\",\"position\":1,\"name\":\"Home\",\"item\":\"https:\\\/\\\/www.ferticentro.pt\\\/fr\\\/\"},{\"@type\":\"ListItem\",\"position\":2,\"name\":\"Explorez nos traitements\",\"item\":\"https:\\\/\\\/www.ferticentro.pt\\\/fr\\\/explorez-nos-traitements\\\/\"},{\"@type\":\"ListItem\",\"position\":3,\"name\":\"Ins\u00e9mination intra-ut\u00e9rine avec don de sperme (IIU)\"}]},{\"@type\":\"WebSite\",\"@id\":\"https:\\\/\\\/www.ferticentro.pt\\\/fr\\\/#website\",\"url\":\"https:\\\/\\\/www.ferticentro.pt\\\/fr\\\/\",\"name\":\"Ferticentro FR\",\"description\":\"\",\"inLanguage\":\"fr-FR\"}]}<\/script>\n<!-- \/ Yoast SEO plugin. -->","yoast_head_json":{"title":"Ins\u00e9mination intra-ut\u00e9rine avec don de sperme (IIU) - Ferticentro","description":"Ferticentro : Expert en IIU avec don de sperme, offrant un traitement personnalis\u00e9, des soins m\u00e9dicaux de haut niveau et une vaste s\u00e9lection de donneurs pour r\u00e9pondre \u00e0 divers besoins en mati\u00e8re de fertilit\u00e9.","robots":{"index":"index","follow":"follow","max-snippet":"max-snippet:-1","max-image-preview":"max-image-preview:large","max-video-preview":"max-video-preview:-1"},"canonical":"https:\/\/www.ferticentro.pt\/fr\/explorez-nos-traitements\/insemination-intra-uterine-avec-don-de-sperme-iiu\/","og_locale":"fr_FR","og_type":"article","og_title":"Ins\u00e9mination intra-ut\u00e9rine avec don de sperme (IIU) - Ferticentro","og_description":"Ferticentro : Expert en IIU avec don de sperme, offrant un traitement personnalis\u00e9, des soins m\u00e9dicaux de haut niveau et une vaste s\u00e9lection de donneurs pour r\u00e9pondre \u00e0 divers besoins en mati\u00e8re de fertilit\u00e9.","og_url":"https:\/\/www.ferticentro.pt\/fr\/explorez-nos-traitements\/insemination-intra-uterine-avec-don-de-sperme-iiu\/","og_site_name":"Ferticentro FR","article_modified_time":"2026-01-19T16:07:22+00:00","og_image":[{"width":1000,"height":667,"url":"https:\/\/www.ferticentro.pt\/fr\/wp-content\/uploads\/sites\/4\/2024\/02\/iui-d-featured-image.jpg","type":"image\/jpeg"}],"twitter_card":"summary_large_image","twitter_misc":{"Dur\u00e9e de lecture estim\u00e9e":"1 minute"},"schema":{"@context":"https:\/\/schema.org","@graph":[{"@type":"WebPage","@id":"https:\/\/www.ferticentro.pt\/fr\/explorez-nos-traitements\/insemination-intra-uterine-avec-don-de-sperme-iiu\/","url":"https:\/\/www.ferticentro.pt\/fr\/explorez-nos-traitements\/insemination-intra-uterine-avec-don-de-sperme-iiu\/","name":"Ins\u00e9mination intra-ut\u00e9rine avec don de sperme (IIU) - Ferticentro","isPartOf":{"@id":"https:\/\/www.ferticentro.pt\/fr\/#website"},"primaryImageOfPage":{"@id":"https:\/\/www.ferticentro.pt\/fr\/explorez-nos-traitements\/insemination-intra-uterine-avec-don-de-sperme-iiu\/#primaryimage"},"image":{"@id":"https:\/\/www.ferticentro.pt\/fr\/explorez-nos-traitements\/insemination-intra-uterine-avec-don-de-sperme-iiu\/#primaryimage"},"thumbnailUrl":"https:\/\/www.ferticentro.pt\/fr\/wp-content\/uploads\/sites\/4\/2024\/02\/iui-d-featured-image.jpg","datePublished":"2023-12-12T14:15:41+00:00","dateModified":"2026-01-19T16:07:22+00:00","description":"Ferticentro : Expert en IIU avec don de sperme, offrant un traitement personnalis\u00e9, des soins m\u00e9dicaux de haut niveau et une vaste s\u00e9lection de donneurs pour r\u00e9pondre \u00e0 divers besoins en mati\u00e8re de fertilit\u00e9.","breadcrumb":{"@id":"https:\/\/www.ferticentro.pt\/fr\/explorez-nos-traitements\/insemination-intra-uterine-avec-don-de-sperme-iiu\/#breadcrumb"},"inLanguage":"fr-FR","potentialAction":[{"@type":"ReadAction","target":["https:\/\/www.ferticentro.pt\/fr\/explorez-nos-traitements\/insemination-intra-uterine-avec-don-de-sperme-iiu\/"]}]},{"@type":"ImageObject","inLanguage":"fr-FR","@id":"https:\/\/www.ferticentro.pt\/fr\/explorez-nos-traitements\/insemination-intra-uterine-avec-don-de-sperme-iiu\/#primaryimage","url":"https:\/\/www.ferticentro.pt\/fr\/wp-content\/uploads\/sites\/4\/2024\/02\/iui-d-featured-image.jpg","contentUrl":"https:\/\/www.ferticentro.pt\/fr\/wp-content\/uploads\/sites\/4\/2024\/02\/iui-d-featured-image.jpg","width":1000,"height":667},{"@type":"BreadcrumbList","@id":"https:\/\/www.ferticentro.pt\/fr\/explorez-nos-traitements\/insemination-intra-uterine-avec-don-de-sperme-iiu\/#breadcrumb","itemListElement":[{"@type":"ListItem","position":1,"name":"Home","item":"https:\/\/www.ferticentro.pt\/fr\/"},{"@type":"ListItem","position":2,"name":"Explorez nos traitements","item":"https:\/\/www.ferticentro.pt\/fr\/explorez-nos-traitements\/"},{"@type":"ListItem","position":3,"name":"Ins\u00e9mination intra-ut\u00e9rine avec don de sperme (IIU)"}]},{"@type":"WebSite","@id":"https:\/\/www.ferticentro.pt\/fr\/#website","url":"https:\/\/www.ferticentro.pt\/fr\/","name":"Ferticentro FR","description":"","inLanguage":"fr-FR"}]}},"_links":{"self":[{"href":"https:\/\/www.ferticentro.pt\/fr\/wp-json\/wp\/v2\/pages\/295","targetHints":{"allow":["GET"]}}],"collection":[{"href":"https:\/\/www.ferticentro.pt\/fr\/wp-json\/wp\/v2\/pages"}],"about":[{"href":"https:\/\/www.ferticentro.pt\/fr\/wp-json\/wp\/v2\/types\/page"}],"author":[{"embeddable":true,"href":"https:\/\/www.ferticentro.pt\/fr\/wp-json\/wp\/v2\/users\/3"}],"replies":[{"embeddable":true,"href":"https:\/\/www.ferticentro.pt\/fr\/wp-json\/wp\/v2\/comments?post=295"}],"version-history":[{"count":0,"href":"https:\/\/www.ferticentro.pt\/fr\/wp-json\/wp\/v2\/pages\/295\/revisions"}],"up":[{"embeddable":true,"href":"https:\/\/www.ferticentro.pt\/fr\/wp-json\/wp\/v2\/pages\/300"}],"wp:featuredmedia":[{"embeddable":true,"href":"https:\/\/www.ferticentro.pt\/fr\/wp-json\/wp\/v2\/media\/663"}],"wp:attachment":[{"href":"https:\/\/www.ferticentro.pt\/fr\/wp-json\/wp\/v2\/media?parent=295"}],"curies":[{"name":"wp","href":"https:\/\/api.w.org\/{rel}","templated":true}]}}