{"id":267,"date":"2023-12-08T13:46:05","date_gmt":"2023-12-08T13:46:05","guid":{"rendered":"https:\/\/ferticentro.wpengine.com\/?page_id=267"},"modified":"2026-01-19T14:27:48","modified_gmt":"2026-01-19T14:27:48","slug":"couples-heterosexuels","status":"publish","type":"page","link":"https:\/\/www.ferticentro.pt\/fr\/couples-heterosexuels\/","title":{"rendered":"Couple h\u00e9t\u00e9rosexuel"},"content":{"rendered":"\n<p>Un accompagnement m\u00e9dical complet et personnalis\u00e9 pour concr\u00e9tiser votre projet parental.<\/p>\n","protected":false},"excerpt":{"rendered":"<p>Un accompagnement m\u00e9dical complet et personnalis\u00e9 pour concr\u00e9tiser votre projet parental.<\/p>\n","protected":false},"author":3,"featured_media":584,"parent":0,"menu_order":0,"comment_status":"closed","ping_status":"closed","template":"","meta":{"_acf_changed":true,"footnotes":""},"class_list":["post-267","page","type-page","status-publish","has-post-thumbnail","hentry"],"acf":[],"yoast_head":"<!-- This site is optimized with the Yoast SEO plugin v27.3 - https:\/\/yoast.com\/product\/yoast-seo-wordpress\/ -->\n<title>Couple h\u00e9t\u00e9rosexuel - Ferticentro<\/title>\n<meta name=\"description\" content=\"Ferticentro : Soutien aux couples h\u00e9t\u00e9rosexuels en leur proposant des traitements de fertilit\u00e9 personnalis\u00e9s, la FIV, l\u2019ICSI, l\u2019IIU, le PGT-A et l&#039;acc\u00e8s \u00e0 la plus grande banque de donneurs \u00e0 identit\u00e9 ouverte du Portugal.\" \/>\n<meta name=\"robots\" content=\"index, follow, max-snippet:-1, max-image-preview:large, max-video-preview:-1\" \/>\n<link rel=\"canonical\" href=\"https:\/\/www.ferticentro.pt\/fr\/couples-heterosexuels\/\" \/>\n<meta property=\"og:locale\" content=\"fr_FR\" \/>\n<meta property=\"og:type\" content=\"article\" \/>\n<meta property=\"og:title\" content=\"Couple h\u00e9t\u00e9rosexuel - Ferticentro\" \/>\n<meta property=\"og:description\" content=\"Ferticentro : Soutien aux couples h\u00e9t\u00e9rosexuels en leur proposant des traitements de fertilit\u00e9 personnalis\u00e9s, la FIV, l\u2019ICSI, l\u2019IIU, le PGT-A et l&#039;acc\u00e8s \u00e0 la plus grande banque de donneurs \u00e0 identit\u00e9 ouverte du Portugal.\" \/>\n<meta property=\"og:url\" content=\"https:\/\/www.ferticentro.pt\/fr\/couples-heterosexuels\/\" \/>\n<meta property=\"og:site_name\" content=\"Ferticentro FR\" \/>\n<meta property=\"article:modified_time\" content=\"2026-01-19T14:27:48+00:00\" \/>\n<meta property=\"og:image\" content=\"https:\/\/www.ferticentro.pt\/fr\/wp-content\/uploads\/sites\/4\/2024\/02\/heterosexual-couple-3.jpg\" \/>\n\t<meta property=\"og:image:width\" content=\"900\" \/>\n\t<meta property=\"og:image:height\" content=\"565\" \/>\n\t<meta property=\"og:image:type\" content=\"image\/jpeg\" \/>\n<meta name=\"twitter:card\" content=\"summary_large_image\" \/>\n<meta name=\"twitter:label1\" content=\"Dur\u00e9e de lecture estim\u00e9e\" \/>\n\t<meta name=\"twitter:data1\" content=\"1 minute\" \/>\n<script type=\"application\/ld+json\" class=\"yoast-schema-graph\">{\"@context\":\"https:\\\/\\\/schema.org\",\"@graph\":[{\"@type\":\"WebPage\",\"@id\":\"https:\\\/\\\/www.ferticentro.pt\\\/fr\\\/couples-heterosexuels\\\/\",\"url\":\"https:\\\/\\\/www.ferticentro.pt\\\/fr\\\/couples-heterosexuels\\\/\",\"name\":\"Couple h\u00e9t\u00e9rosexuel - Ferticentro\",\"isPartOf\":{\"@id\":\"https:\\\/\\\/www.ferticentro.pt\\\/fr\\\/#website\"},\"primaryImageOfPage\":{\"@id\":\"https:\\\/\\\/www.ferticentro.pt\\\/fr\\\/couples-heterosexuels\\\/#primaryimage\"},\"image\":{\"@id\":\"https:\\\/\\\/www.ferticentro.pt\\\/fr\\\/couples-heterosexuels\\\/#primaryimage\"},\"thumbnailUrl\":\"https:\\\/\\\/www.ferticentro.pt\\\/fr\\\/wp-content\\\/uploads\\\/sites\\\/4\\\/2024\\\/02\\\/heterosexual-couple-3.jpg\",\"datePublished\":\"2023-12-08T13:46:05+00:00\",\"dateModified\":\"2026-01-19T14:27:48+00:00\",\"description\":\"Ferticentro : Soutien aux couples h\u00e9t\u00e9rosexuels en leur proposant des traitements de fertilit\u00e9 personnalis\u00e9s, la FIV, l\u2019ICSI, l\u2019IIU, le PGT-A et l'acc\u00e8s \u00e0 la plus grande banque de donneurs \u00e0 identit\u00e9 ouverte du Portugal.\",\"breadcrumb\":{\"@id\":\"https:\\\/\\\/www.ferticentro.pt\\\/fr\\\/couples-heterosexuels\\\/#breadcrumb\"},\"inLanguage\":\"fr-FR\",\"potentialAction\":[{\"@type\":\"ReadAction\",\"target\":[\"https:\\\/\\\/www.ferticentro.pt\\\/fr\\\/couples-heterosexuels\\\/\"]}]},{\"@type\":\"ImageObject\",\"inLanguage\":\"fr-FR\",\"@id\":\"https:\\\/\\\/www.ferticentro.pt\\\/fr\\\/couples-heterosexuels\\\/#primaryimage\",\"url\":\"https:\\\/\\\/www.ferticentro.pt\\\/fr\\\/wp-content\\\/uploads\\\/sites\\\/4\\\/2024\\\/02\\\/heterosexual-couple-3.jpg\",\"contentUrl\":\"https:\\\/\\\/www.ferticentro.pt\\\/fr\\\/wp-content\\\/uploads\\\/sites\\\/4\\\/2024\\\/02\\\/heterosexual-couple-3.jpg\",\"width\":900,\"height\":565},{\"@type\":\"BreadcrumbList\",\"@id\":\"https:\\\/\\\/www.ferticentro.pt\\\/fr\\\/couples-heterosexuels\\\/#breadcrumb\",\"itemListElement\":[{\"@type\":\"ListItem\",\"position\":1,\"name\":\"Home\",\"item\":\"https:\\\/\\\/www.ferticentro.pt\\\/fr\\\/\"},{\"@type\":\"ListItem\",\"position\":2,\"name\":\"Couple h\u00e9t\u00e9rosexuel\"}]},{\"@type\":\"WebSite\",\"@id\":\"https:\\\/\\\/www.ferticentro.pt\\\/fr\\\/#website\",\"url\":\"https:\\\/\\\/www.ferticentro.pt\\\/fr\\\/\",\"name\":\"Ferticentro FR\",\"description\":\"\",\"inLanguage\":\"fr-FR\"}]}<\/script>\n<!-- \/ Yoast SEO plugin. -->","yoast_head_json":{"title":"Couple h\u00e9t\u00e9rosexuel - Ferticentro","description":"Ferticentro : Soutien aux couples h\u00e9t\u00e9rosexuels en leur proposant des traitements de fertilit\u00e9 personnalis\u00e9s, la FIV, l\u2019ICSI, l\u2019IIU, le PGT-A et l'acc\u00e8s \u00e0 la plus grande banque de donneurs \u00e0 identit\u00e9 ouverte du Portugal.","robots":{"index":"index","follow":"follow","max-snippet":"max-snippet:-1","max-image-preview":"max-image-preview:large","max-video-preview":"max-video-preview:-1"},"canonical":"https:\/\/www.ferticentro.pt\/fr\/couples-heterosexuels\/","og_locale":"fr_FR","og_type":"article","og_title":"Couple h\u00e9t\u00e9rosexuel - Ferticentro","og_description":"Ferticentro : Soutien aux couples h\u00e9t\u00e9rosexuels en leur proposant des traitements de fertilit\u00e9 personnalis\u00e9s, la FIV, l\u2019ICSI, l\u2019IIU, le PGT-A et l'acc\u00e8s \u00e0 la plus grande banque de donneurs \u00e0 identit\u00e9 ouverte du Portugal.","og_url":"https:\/\/www.ferticentro.pt\/fr\/couples-heterosexuels\/","og_site_name":"Ferticentro FR","article_modified_time":"2026-01-19T14:27:48+00:00","og_image":[{"width":900,"height":565,"url":"https:\/\/www.ferticentro.pt\/fr\/wp-content\/uploads\/sites\/4\/2024\/02\/heterosexual-couple-3.jpg","type":"image\/jpeg"}],"twitter_card":"summary_large_image","twitter_misc":{"Dur\u00e9e de lecture estim\u00e9e":"1 minute"},"schema":{"@context":"https:\/\/schema.org","@graph":[{"@type":"WebPage","@id":"https:\/\/www.ferticentro.pt\/fr\/couples-heterosexuels\/","url":"https:\/\/www.ferticentro.pt\/fr\/couples-heterosexuels\/","name":"Couple h\u00e9t\u00e9rosexuel - Ferticentro","isPartOf":{"@id":"https:\/\/www.ferticentro.pt\/fr\/#website"},"primaryImageOfPage":{"@id":"https:\/\/www.ferticentro.pt\/fr\/couples-heterosexuels\/#primaryimage"},"image":{"@id":"https:\/\/www.ferticentro.pt\/fr\/couples-heterosexuels\/#primaryimage"},"thumbnailUrl":"https:\/\/www.ferticentro.pt\/fr\/wp-content\/uploads\/sites\/4\/2024\/02\/heterosexual-couple-3.jpg","datePublished":"2023-12-08T13:46:05+00:00","dateModified":"2026-01-19T14:27:48+00:00","description":"Ferticentro : Soutien aux couples h\u00e9t\u00e9rosexuels en leur proposant des traitements de fertilit\u00e9 personnalis\u00e9s, la FIV, l\u2019ICSI, l\u2019IIU, le PGT-A et l'acc\u00e8s \u00e0 la plus grande banque de donneurs \u00e0 identit\u00e9 ouverte du Portugal.","breadcrumb":{"@id":"https:\/\/www.ferticentro.pt\/fr\/couples-heterosexuels\/#breadcrumb"},"inLanguage":"fr-FR","potentialAction":[{"@type":"ReadAction","target":["https:\/\/www.ferticentro.pt\/fr\/couples-heterosexuels\/"]}]},{"@type":"ImageObject","inLanguage":"fr-FR","@id":"https:\/\/www.ferticentro.pt\/fr\/couples-heterosexuels\/#primaryimage","url":"https:\/\/www.ferticentro.pt\/fr\/wp-content\/uploads\/sites\/4\/2024\/02\/heterosexual-couple-3.jpg","contentUrl":"https:\/\/www.ferticentro.pt\/fr\/wp-content\/uploads\/sites\/4\/2024\/02\/heterosexual-couple-3.jpg","width":900,"height":565},{"@type":"BreadcrumbList","@id":"https:\/\/www.ferticentro.pt\/fr\/couples-heterosexuels\/#breadcrumb","itemListElement":[{"@type":"ListItem","position":1,"name":"Home","item":"https:\/\/www.ferticentro.pt\/fr\/"},{"@type":"ListItem","position":2,"name":"Couple h\u00e9t\u00e9rosexuel"}]},{"@type":"WebSite","@id":"https:\/\/www.ferticentro.pt\/fr\/#website","url":"https:\/\/www.ferticentro.pt\/fr\/","name":"Ferticentro FR","description":"","inLanguage":"fr-FR"}]}},"_links":{"self":[{"href":"https:\/\/www.ferticentro.pt\/fr\/wp-json\/wp\/v2\/pages\/267","targetHints":{"allow":["GET"]}}],"collection":[{"href":"https:\/\/www.ferticentro.pt\/fr\/wp-json\/wp\/v2\/pages"}],"about":[{"href":"https:\/\/www.ferticentro.pt\/fr\/wp-json\/wp\/v2\/types\/page"}],"author":[{"embeddable":true,"href":"https:\/\/www.ferticentro.pt\/fr\/wp-json\/wp\/v2\/users\/3"}],"replies":[{"embeddable":true,"href":"https:\/\/www.ferticentro.pt\/fr\/wp-json\/wp\/v2\/comments?post=267"}],"version-history":[{"count":0,"href":"https:\/\/www.ferticentro.pt\/fr\/wp-json\/wp\/v2\/pages\/267\/revisions"}],"wp:featuredmedia":[{"embeddable":true,"href":"https:\/\/www.ferticentro.pt\/fr\/wp-json\/wp\/v2\/media\/584"}],"wp:attachment":[{"href":"https:\/\/www.ferticentro.pt\/fr\/wp-json\/wp\/v2\/media?parent=267"}],"curies":[{"name":"wp","href":"https:\/\/api.w.org\/{rel}","templated":true}]}}