{"id":273,"date":"2023-12-08T15:26:19","date_gmt":"2023-12-08T15:26:19","guid":{"rendered":"https:\/\/ferticentro.wpengine.com\/?page_id=273"},"modified":"2024-03-11T19:08:28","modified_gmt":"2024-03-11T19:08:28","slug":"warum-uns-wahlen","status":"publish","type":"page","link":"https:\/\/www.ferticentro.pt\/de\/unsere-klinik\/warum-uns-wahlen\/","title":{"rendered":"Warum uns w\u00e4hlen"},"content":{"rendered":"","protected":false},"excerpt":{"rendered":"","protected":false},"author":2,"featured_media":0,"parent":324,"menu_order":0,"comment_status":"closed","ping_status":"closed","template":"","meta":{"_acf_changed":true,"footnotes":""},"class_list":["post-273","page","type-page","status-publish","hentry"],"acf":[],"yoast_head":"<!-- This site is optimized with the Yoast SEO plugin v27.5 - https:\/\/yoast.com\/product\/yoast-seo-wordpress\/ -->\n<title>Warum uns w\u00e4hlen - Ferticentro<\/title>\n<meta name=\"description\" content=\"Ferticentro: Pionier in Reproduktionstechnologie in Portugal. Eine Klinik, die ma\u00dfgeschneiderte Fruchtbarkeitspflege, Qualit\u00e4t mit ISO Zerifikat und etische und transparente Praktien anbietet.\" \/>\n<meta name=\"robots\" content=\"index, follow, max-snippet:-1, max-image-preview:large, max-video-preview:-1\" \/>\n<link rel=\"canonical\" href=\"https:\/\/www.ferticentro.pt\/de\/unsere-klinik\/warum-uns-wahlen\/\" \/>\n<meta property=\"og:locale\" content=\"de_DE\" \/>\n<meta property=\"og:type\" content=\"article\" \/>\n<meta property=\"og:title\" content=\"Warum uns w\u00e4hlen - Ferticentro\" \/>\n<meta property=\"og:description\" content=\"Ferticentro: Pionier in Reproduktionstechnologie in Portugal. Eine Klinik, die ma\u00dfgeschneiderte Fruchtbarkeitspflege, Qualit\u00e4t mit ISO Zerifikat und etische und transparente Praktien anbietet.\" \/>\n<meta property=\"og:url\" content=\"https:\/\/www.ferticentro.pt\/de\/unsere-klinik\/warum-uns-wahlen\/\" \/>\n<meta property=\"og:site_name\" content=\"Ferticentro DE\" \/>\n<meta property=\"article:modified_time\" content=\"2024-03-11T19:08:28+00:00\" \/>\n<meta name=\"twitter:card\" content=\"summary_large_image\" \/>\n<script type=\"application\/ld+json\" class=\"yoast-schema-graph\">{\"@context\":\"https:\\\/\\\/schema.org\",\"@graph\":[{\"@type\":\"WebPage\",\"@id\":\"https:\\\/\\\/www.ferticentro.pt\\\/de\\\/unsere-klinik\\\/warum-uns-wahlen\\\/\",\"url\":\"https:\\\/\\\/www.ferticentro.pt\\\/de\\\/unsere-klinik\\\/warum-uns-wahlen\\\/\",\"name\":\"Warum uns w\u00e4hlen - Ferticentro\",\"isPartOf\":{\"@id\":\"https:\\\/\\\/www.ferticentro.pt\\\/de\\\/#website\"},\"datePublished\":\"2023-12-08T15:26:19+00:00\",\"dateModified\":\"2024-03-11T19:08:28+00:00\",\"description\":\"Ferticentro: Pionier in Reproduktionstechnologie in Portugal. Eine Klinik, die ma\u00dfgeschneiderte Fruchtbarkeitspflege, Qualit\u00e4t mit ISO Zerifikat und etische und transparente Praktien anbietet.\",\"breadcrumb\":{\"@id\":\"https:\\\/\\\/www.ferticentro.pt\\\/de\\\/unsere-klinik\\\/warum-uns-wahlen\\\/#breadcrumb\"},\"inLanguage\":\"de-DE\",\"potentialAction\":[{\"@type\":\"ReadAction\",\"target\":[\"https:\\\/\\\/www.ferticentro.pt\\\/de\\\/unsere-klinik\\\/warum-uns-wahlen\\\/\"]}]},{\"@type\":\"BreadcrumbList\",\"@id\":\"https:\\\/\\\/www.ferticentro.pt\\\/de\\\/unsere-klinik\\\/warum-uns-wahlen\\\/#breadcrumb\",\"itemListElement\":[{\"@type\":\"ListItem\",\"position\":1,\"name\":\"Home\",\"item\":\"https:\\\/\\\/www.ferticentro.pt\\\/de\\\/\"},{\"@type\":\"ListItem\",\"position\":2,\"name\":\"Unsere Klinik\",\"item\":\"https:\\\/\\\/www.ferticentro.pt\\\/de\\\/unsere-klinik\\\/\"},{\"@type\":\"ListItem\",\"position\":3,\"name\":\"Warum uns w\u00e4hlen\"}]},{\"@type\":\"WebSite\",\"@id\":\"https:\\\/\\\/www.ferticentro.pt\\\/de\\\/#website\",\"url\":\"https:\\\/\\\/www.ferticentro.pt\\\/de\\\/\",\"name\":\"Ferticentro DE\",\"description\":\"\",\"inLanguage\":\"de-DE\"}]}<\/script>\n<!-- \/ Yoast SEO plugin. -->","yoast_head_json":{"title":"Warum uns w\u00e4hlen - Ferticentro","description":"Ferticentro: Pionier in Reproduktionstechnologie in Portugal. Eine Klinik, die ma\u00dfgeschneiderte Fruchtbarkeitspflege, Qualit\u00e4t mit ISO Zerifikat und etische und transparente Praktien anbietet.","robots":{"index":"index","follow":"follow","max-snippet":"max-snippet:-1","max-image-preview":"max-image-preview:large","max-video-preview":"max-video-preview:-1"},"canonical":"https:\/\/www.ferticentro.pt\/de\/unsere-klinik\/warum-uns-wahlen\/","og_locale":"de_DE","og_type":"article","og_title":"Warum uns w\u00e4hlen - Ferticentro","og_description":"Ferticentro: Pionier in Reproduktionstechnologie in Portugal. Eine Klinik, die ma\u00dfgeschneiderte Fruchtbarkeitspflege, Qualit\u00e4t mit ISO Zerifikat und etische und transparente Praktien anbietet.","og_url":"https:\/\/www.ferticentro.pt\/de\/unsere-klinik\/warum-uns-wahlen\/","og_site_name":"Ferticentro DE","article_modified_time":"2024-03-11T19:08:28+00:00","twitter_card":"summary_large_image","schema":{"@context":"https:\/\/schema.org","@graph":[{"@type":"WebPage","@id":"https:\/\/www.ferticentro.pt\/de\/unsere-klinik\/warum-uns-wahlen\/","url":"https:\/\/www.ferticentro.pt\/de\/unsere-klinik\/warum-uns-wahlen\/","name":"Warum uns w\u00e4hlen - Ferticentro","isPartOf":{"@id":"https:\/\/www.ferticentro.pt\/de\/#website"},"datePublished":"2023-12-08T15:26:19+00:00","dateModified":"2024-03-11T19:08:28+00:00","description":"Ferticentro: Pionier in Reproduktionstechnologie in Portugal. Eine Klinik, die ma\u00dfgeschneiderte Fruchtbarkeitspflege, Qualit\u00e4t mit ISO Zerifikat und etische und transparente Praktien anbietet.","breadcrumb":{"@id":"https:\/\/www.ferticentro.pt\/de\/unsere-klinik\/warum-uns-wahlen\/#breadcrumb"},"inLanguage":"de-DE","potentialAction":[{"@type":"ReadAction","target":["https:\/\/www.ferticentro.pt\/de\/unsere-klinik\/warum-uns-wahlen\/"]}]},{"@type":"BreadcrumbList","@id":"https:\/\/www.ferticentro.pt\/de\/unsere-klinik\/warum-uns-wahlen\/#breadcrumb","itemListElement":[{"@type":"ListItem","position":1,"name":"Home","item":"https:\/\/www.ferticentro.pt\/de\/"},{"@type":"ListItem","position":2,"name":"Unsere Klinik","item":"https:\/\/www.ferticentro.pt\/de\/unsere-klinik\/"},{"@type":"ListItem","position":3,"name":"Warum uns w\u00e4hlen"}]},{"@type":"WebSite","@id":"https:\/\/www.ferticentro.pt\/de\/#website","url":"https:\/\/www.ferticentro.pt\/de\/","name":"Ferticentro DE","description":"","inLanguage":"de-DE"}]}},"_links":{"self":[{"href":"https:\/\/www.ferticentro.pt\/de\/wp-json\/wp\/v2\/pages\/273","targetHints":{"allow":["GET"]}}],"collection":[{"href":"https:\/\/www.ferticentro.pt\/de\/wp-json\/wp\/v2\/pages"}],"about":[{"href":"https:\/\/www.ferticentro.pt\/de\/wp-json\/wp\/v2\/types\/page"}],"author":[{"embeddable":true,"href":"https:\/\/www.ferticentro.pt\/de\/wp-json\/wp\/v2\/users\/2"}],"replies":[{"embeddable":true,"href":"https:\/\/www.ferticentro.pt\/de\/wp-json\/wp\/v2\/comments?post=273"}],"version-history":[{"count":0,"href":"https:\/\/www.ferticentro.pt\/de\/wp-json\/wp\/v2\/pages\/273\/revisions"}],"up":[{"embeddable":true,"href":"https:\/\/www.ferticentro.pt\/de\/wp-json\/wp\/v2\/pages\/324"}],"wp:attachment":[{"href":"https:\/\/www.ferticentro.pt\/de\/wp-json\/wp\/v2\/media?parent=273"}],"curies":[{"name":"wp","href":"https:\/\/api.w.org\/{rel}","templated":true}]}}